{"id":2122,"date":"2025-03-20T15:27:00","date_gmt":"2025-03-20T14:27:00","guid":{"rendered":"http:\/\/www.fiativallecamonica.net\/?page_id=2122"},"modified":"2025-03-20T15:27:01","modified_gmt":"2025-03-20T14:27:01","slug":"orchestra-fiati-giovanile-vallecamonica","status":"publish","type":"page","link":"http:\/\/www.fiativallecamonica.net\/index.php\/orchestra-fiati-giovanile-vallecamonica\/","title":{"rendered":"Orchestra Fiati Giovanile Vallecamonica"},"content":{"rendered":"\n<figure class=\"wp-block-image size-full\"><img loading=\"lazy\" decoding=\"async\" width=\"684\" height=\"299\" src=\"http:\/\/www.fiativallecamonica.net\/wp-content\/uploads\/2025\/03\/LOGO-Grande1.jpg\" alt=\"\" class=\"wp-image-2143\" srcset=\"http:\/\/www.fiativallecamonica.net\/wp-content\/uploads\/2025\/03\/LOGO-Grande1.jpg 684w, http:\/\/www.fiativallecamonica.net\/wp-content\/uploads\/2025\/03\/LOGO-Grande1-300x131.jpg 300w\" sizes=\"(max-width: 684px) 100vw, 684px\" \/><\/figure>\n\n\n\n<p>Il futuro appartiene ai giovani, e investire nella loro crescita \u00e8 la chiave per un domani migliore. Sviluppare la loro sensibilit\u00e0 artistica e il loro gusto estetico significa gettare le fondamenta di un terreno fertile, dove la musica e l&#8217;arte possono crescere rigogliose. Questi frutti non sono solo espressione del pensiero di un popolo, ma testimonianza della sua capacit\u00e0 di vedere nella cultura un giardino dove l&#8217;animo umano pu\u00f2 trovare nutrimento e ispirazione. Anche se la cultura potrebbe non sembrare un bisogno primario, \u00e8 tuttavia essenziale per il benessere e lo sviluppo di una societ\u00e0. Coltivare la creativit\u00e0 e il pensiero critico nelle nuove generazioni significa assicurare un futuro in cui l&#8217;arte e la musica continueranno a soddisfare quella fame interiore di bellezza e conoscenza che ogni individuo, consapevole o meno, porta con s\u00e9. In questo modo, la cultura non solo arricchisce le singole vite, ma getta le basi per una societ\u00e0 pi\u00f9 evoluta, consapevole e capace di esprimere i propri valori pi\u00f9 profondi.<\/p>\n\n\n\n<p class=\"has-text-align-center\"><strong>OBIETTIVO:<\/strong> <strong>formare e creare connessioni<\/strong> <strong>attraverso la musica<\/strong><\/p>\n\n\n\n<p>Il progetto si propone di promuovere l\u2019incontro di giovani provenienti da tutta la Valle, incoraggiando nuovi legami sociali e culturali fondati sulla collaborazione, attraverso l\u2019arte. L\u2019iniziativa mira a creare spazi per attivit\u00e0 ricreative, concerti e laboratori tematici. In Valle Camonica, l\u2019obiettivo \u00e8 dar vita a un \u201claboratorio attivo\u201d per sostenere e sviluppare la cultura musicale giovanile, con un focus sugli organici a fiato. Il progetto intende coordinare e mettere in rete le realt\u00e0 locali che operano nell\u2019ambito della formazione, dell\u2019avviamento alla professione musicale e della performance artistica, rafforzando cos\u00ec il panorama didattico e creativo del territorio.<br><\/p>\n\n\n\n<h2 class=\"wp-block-heading has-text-align-center\">ATTIVIT\u00c0 e SVOLGIMENTO<\/h2>\n\n\n\n<div class=\"wp-block-media-text is-stacked-on-mobile\"><figure class=\"wp-block-media-text__media\"><img loading=\"lazy\" decoding=\"async\" width=\"832\" height=\"951\" src=\"http:\/\/www.fiativallecamonica.net\/wp-content\/uploads\/2025\/03\/timeline.jpg\" alt=\"\" class=\"wp-image-2140 size-full\" srcset=\"http:\/\/www.fiativallecamonica.net\/wp-content\/uploads\/2025\/03\/timeline.jpg 832w, http:\/\/www.fiativallecamonica.net\/wp-content\/uploads\/2025\/03\/timeline-262x300.jpg 262w, http:\/\/www.fiativallecamonica.net\/wp-content\/uploads\/2025\/03\/timeline-768x878.jpg 768w, http:\/\/www.fiativallecamonica.net\/wp-content\/uploads\/2025\/03\/timeline-300x343.jpg 300w, http:\/\/www.fiativallecamonica.net\/wp-content\/uploads\/2025\/03\/timeline-720x823.jpg 720w\" sizes=\"(max-width: 832px) 100vw, 832px\" \/><\/figure><div class=\"wp-block-media-text__content\">\n<ul>\n<li>5 <strong>weekend<\/strong> da febbraio a maggio 2025<\/li>\n\n\n\n<li>8\/10 ore di prove ad incontro<\/li>\n\n\n\n<li>attivit\u00e0 dei fine settimana di studio:<ul><li>prove di lettura<\/li><\/ul><ul><li>prove di sezione<\/li><\/ul><ul><li>lezioni di tecnica strumentale e stilistica<\/li><\/ul>\n<ul>\n<li>prove d\u2019insieme<\/li>\n<\/ul>\n<\/li>\n\n\n\n<li>Masterclass strumentali con orchestrali professionisti<\/li>\n\n\n\n<li>un evento all\u2019interno della 4^ edizione del &nbsp;con la possibilit\u00e0 di essere replicato in varie zone della Valle e nella provincia di Brescia<strong><\/strong><\/li>\n\n\n\n<li>Inserimento degli strumentisti nell\u2019organico dell\u2019Orchestra fiati di Valle Camonica per la produzione dei CARMINA BURANA di Carl Orff<\/li>\n<\/ul>\n<\/div><\/div>\n\n\n\n<h2 class=\"wp-block-heading has-text-align-center\">GESTIONE e PARTNERSHIP<\/h2>\n\n\n\n<p>Il progetto \u00e8 frutto della collaborazione tra gli enti musicali del territorio in ottica di creazione e consolidamento di un piano artistico articolato, dal quale i giovani musicisti partecipanti possono trarre grande vantaggio formativo, e gli enti collegati un bacino di utenza che ne costituisca la forza per il futuro:<br>&#8211; l\u2019ORCHESTRA FIATI DI VALLE CAMONICA, realt\u00e0 solida e convincente, artisticamente apprezzata a livello nazionale ed internazionale, naturale passaggio verso il professionismo musicale.<br>&#8211; l\u2019 UNIONE BANDE MUSICALI DI VALLE CAMONICA, entry level della formazione per gli strumenti a fiato, le Bande Musicali costituiscono il naturale bacino di partenza per il progetto.<br>&#8211; il LICEO MUSICALE CAMILLO GOLGI, immancabile punto di partenza degli studi musicali accademici, ed anello di congiunzione tra l\u2019imponente realt\u00e0 delle bande e la via per il professionismo per gli strumentisti a fiato.<br>&#8211; il CONSERVATORIO LUCA MARENZIO \u2013 sez. di DARFO, ente di Alta Formazione Artistica e Musicale ed eccellenza didattica del territorio.<\/p>\n\n\n\n<p>La gestione ARTISTICA dell\u2019ensemble \u00e8 svolta da un team di rappresentanti dei 4 enti sopracitati e ne stabilisce gli obiettivi, i programmi e i percorsi di realizzazione.<\/p>\n\n\n\n<p>Le attivit\u00e0 dell\u2019ensemble verranno riconosciute dagli enti scolastici per crediti formativi da quantificarsi in base alle presenze e ai piani di studio, e la partecipazione \u00e8 rivolta a studenti e musicisti di et\u00e0 compresa tra i 12 e i 23 anni.<br>All\u2019interno dell\u2019ensemble dell\u2019Orchestra di Fiati Giovanile, i musicisti meritevoli verranno inseriti nell\u2019organico dell\u2019Orchestra Fiati di Valle Camonica e parteciperanno alla produzione dei <strong>CARMINA BURANA<\/strong> di Carl Orff che verranno messi in scena a Luglio 2025 in una importante location in Valle Camonica.<br>Per le masterclass con orchestrali professionisti ci si avvarr\u00e0 della collaborazione di insegnanti del Conservatorio, di solisti internazionali e strumentisti provenienti dalle orchestre nazionali, che negli anni hanno consolidato il loro rapporto con l\u2019Orchestra Fiati di Valle Camonica.<\/p>\n\n\n\n<h2 class=\"wp-block-heading has-text-align-center\">DIREZIONE MUSICALE<\/h2>\n\n\n\n<p>La direzione musicale viene affidata due direttori avviati nello studio della disciplina di direzione di orchestra di fiati, con curriculum di studi adeguato e diploma superiore di strumento.<\/p>\n\n\n\n<div class=\"wp-block-media-text is-stacked-on-mobile is-vertically-aligned-top\"><figure class=\"wp-block-media-text__media\"><img loading=\"lazy\" decoding=\"async\" width=\"910\" height=\"607\" src=\"http:\/\/www.fiativallecamonica.net\/wp-content\/uploads\/2025\/03\/Beppe-Martinelli.jpg\" alt=\"\" class=\"wp-image-2141 size-full\" srcset=\"http:\/\/www.fiativallecamonica.net\/wp-content\/uploads\/2025\/03\/Beppe-Martinelli.jpg 910w, http:\/\/www.fiativallecamonica.net\/wp-content\/uploads\/2025\/03\/Beppe-Martinelli-300x200.jpg 300w, http:\/\/www.fiativallecamonica.net\/wp-content\/uploads\/2025\/03\/Beppe-Martinelli-768x512.jpg 768w, http:\/\/www.fiativallecamonica.net\/wp-content\/uploads\/2025\/03\/Beppe-Martinelli-720x480.jpg 720w\" sizes=\"(max-width: 910px) 100vw, 910px\" \/><\/figure><div class=\"wp-block-media-text__content\">\n<p>GIUSEPPE MARTINELLI<br>Nato a Costa Volpino nel 1967, inizia gli studi musicali frequentando i corsi organizzati dalla banda, frequenta il conservatorio di Darfo Boario Terme (BS) e si diploma in clarinetto. Nel 1998 ha frequentato il corso di direzione organizzato dall\u2019ABBM (Associazione Bergamasca Bande<\/p>\n<\/div><\/div>\n\n\n\n<p> Musicali) tenuto dal M\u00b0 Briccetti, negli anni 1998 &#8211; 1999 &#8211; 2000 &#8211; 2002 ha partecipato ai corsi di direzione annessi alla Giovanile Orchestra di Fiati di Ripatransone sotto la guida del M\u00b0 Lorenzo Della Fonte.<\/p>\n\n\n\n<p>Sotto la guida dello stesso direttore e del maestro Arturo Andreoli ha partecipato nel 2001 al corso di direzione organizzato dal \u201cCoordinamento delle bande cremonesi\u201d. Dal 1993 al 2022 ha codiretto il Corpo Musicale di Costa Volpino, dal 2005 al 2018 ha diretto il Corpo Musicale Castelfranco di Rogno e nel 2004 ha diretto il Corpo Musicale Telgate \u201990.<\/p>\n\n\n\n<div class=\"wp-block-media-text has-media-on-the-right is-stacked-on-mobile is-vertically-aligned-top\" style=\"grid-template-columns:auto 38%\"><div class=\"wp-block-media-text__content\">\n<p>VALENTINO TROTTI<br>Nasce a Lovere (BG) nel 1993, vive ad Angolo Terme (BS). Complice la passione musicale molto diffusa in famiglia, all\u2019et\u00e0 di 8 anni si avvia allo studio dell\u2019euphonium, per poi passare a 10 anni alla tromba. Nel 2006 inizia gli studi presso il conservatorio Luca Marenzio di Brescia, sotto la guida del M\u00ba Sergio Malacarne, con cui si diplomer\u00e0 nel 2013. Come trombettista si \u00e8 perfezionato con i pi\u00f9 importanti solisti Europei (Tomasoni, Sommerhalder, Giufrfredi, Burns, Lucchi, Pierobon) e ha partecipato ai corsi di perfezionamento dell\u2019Accademia del Teatro alla Scala di Milano, lavorando tra gli altri con <\/p>\n<\/div><figure class=\"wp-block-media-text__media\"><img loading=\"lazy\" decoding=\"async\" width=\"819\" height=\"1024\" src=\"http:\/\/www.fiativallecamonica.net\/wp-content\/uploads\/2025\/03\/Valentino-Trotti-819x1024.jpeg\" alt=\"\" class=\"wp-image-2142 size-full\" srcset=\"http:\/\/www.fiativallecamonica.net\/wp-content\/uploads\/2025\/03\/Valentino-Trotti-819x1024.jpeg 819w, http:\/\/www.fiativallecamonica.net\/wp-content\/uploads\/2025\/03\/Valentino-Trotti-240x300.jpeg 240w, http:\/\/www.fiativallecamonica.net\/wp-content\/uploads\/2025\/03\/Valentino-Trotti-768x960.jpeg 768w, http:\/\/www.fiativallecamonica.net\/wp-content\/uploads\/2025\/03\/Valentino-Trotti-1229x1536.jpeg 1229w, http:\/\/www.fiativallecamonica.net\/wp-content\/uploads\/2025\/03\/Valentino-Trotti-300x375.jpeg 300w, http:\/\/www.fiativallecamonica.net\/wp-content\/uploads\/2025\/03\/Valentino-Trotti-720x900.jpeg 720w, http:\/\/www.fiativallecamonica.net\/wp-content\/uploads\/2025\/03\/Valentino-Trotti.jpeg 1440w\" sizes=\"(max-width: 819px) 100vw, 819px\" \/><\/figure><\/div>\n\n\n\n<p>i direttori Fabio Luisi, Susanna Malkki,\u00a0 Yuri Temirkanov, Zubin Mehta. Dal 2008 dirige il coro \u201cSan Lorenzo\u201d di Angolo Terme, e dal gennaio 2023 il coro \u201cSan Valentino\u201d di Berzo Demo; nei 2023 si avvicina alla direzione di banda, frequentando i corsi organizzati dal Centro di Formazione Bandistico di ABMB. Sempre nel 2023 inizia la collaborazione con la Banda Musicale di Demo (BS) che durer\u00e0 fino all\u2019estate 2024. Dal 2025 \u00e8 direttore del Corpo Musicale \u201cAlfonso Raineri\u201d di Rodengo Saiano.<\/p>\n","protected":false},"excerpt":{"rendered":"<p>Il futuro appartiene ai giovani, e investire nella loro crescita \u00e8 la chiave per un domani migliore. Sviluppare la loro sensibilit\u00e0 artistica e il loro gusto estetico significa gettare le fondamenta di un terreno fertile, dove la musica e l&#8217;arte possono crescere rigogliose. Questi frutti non sono solo espressione del pensiero di un popolo, ma [&hellip;]<\/p>\n","protected":false},"author":1,"featured_media":2143,"parent":0,"menu_order":0,"comment_status":"closed","ping_status":"closed","template":"","meta":{"footnotes":""},"_links":{"self":[{"href":"http:\/\/www.fiativallecamonica.net\/index.php\/wp-json\/wp\/v2\/pages\/2122"}],"collection":[{"href":"http:\/\/www.fiativallecamonica.net\/index.php\/wp-json\/wp\/v2\/pages"}],"about":[{"href":"http:\/\/www.fiativallecamonica.net\/index.php\/wp-json\/wp\/v2\/types\/page"}],"author":[{"embeddable":true,"href":"http:\/\/www.fiativallecamonica.net\/index.php\/wp-json\/wp\/v2\/users\/1"}],"replies":[{"embeddable":true,"href":"http:\/\/www.fiativallecamonica.net\/index.php\/wp-json\/wp\/v2\/comments?post=2122"}],"version-history":[{"count":2,"href":"http:\/\/www.fiativallecamonica.net\/index.php\/wp-json\/wp\/v2\/pages\/2122\/revisions"}],"predecessor-version":[{"id":2145,"href":"http:\/\/www.fiativallecamonica.net\/index.php\/wp-json\/wp\/v2\/pages\/2122\/revisions\/2145"}],"wp:featuredmedia":[{"embeddable":true,"href":"http:\/\/www.fiativallecamonica.net\/index.php\/wp-json\/wp\/v2\/media\/2143"}],"wp:attachment":[{"href":"http:\/\/www.fiativallecamonica.net\/index.php\/wp-json\/wp\/v2\/media?parent=2122"}],"curies":[{"name":"wp","href":"https:\/\/api.w.org\/{rel}","templated":true}]}}